{"id":231,"date":"2015-03-27T21:57:08","date_gmt":"2015-03-27T19:57:08","guid":{"rendered":"http:\/\/www.hortus-vocalis.de\/?page_id=231"},"modified":"2024-11-20T11:31:44","modified_gmt":"2024-11-20T09:31:44","slug":"231-2","status":"publish","type":"page","link":"https:\/\/www.hortus-vocalis.de\/?page_id=231","title":{"rendered":"Leitung"},"content":{"rendered":"\n<h2 class=\"wp-block-heading\">Teresa Pfefferkorn<\/h2>\n\n\n\n<p class=\"has-text-align-left\"><a href=\"http:\/\/www.hortus-vocalis.de\/wp-content\/uploads\/2023\/02\/P1000601-min.jpg\" target=\"_blank\" rel=\"noreferrer noopener\"><img loading=\"lazy\" decoding=\"async\" width=\"150\" height=\"150\" class=\"alignnone size-thumbnail wp-image-407\" src=\"http:\/\/www.hortus-vocalis.de\/wp-content\/uploads\/2023\/02\/P1000601-min-150x150.jpg\" alt=\"\"><\/a><\/p>\n\n\n\n<p>Teresa Pfefferkorn ist Chordirigentin und lehrt als Dozentin f\u00fcr Ensembleleitung an der UdK Berlin und der HMT Leipzig. Sie leitet den Kammerchor hortus vocalis und den Kronenchor Friedrichstadt e.\u00a0V. und arbeitet als Dozentin und Dirigentin in verschiedenen Projekten u.\u00a0a. in Bayern und Brandenburg.\u00a0<br><\/p>\n\n\n\n<p>Teresa Pfefferkorn leitete den Gro\u00dfen Chor der UdK Berlin und arbeitete mit zahlreichen Ensembles wie dem Kammerchor und dem Frauenchor der K\u00fcnste, dem Philharmonischen Chor Berlin, den Ch\u00f6ren und Orchestern des Collegium Musicum Berlin, den Kinderch\u00f6ren der Staatsoper Unter den Linden und dem Staats- und Domchor.<br>Inspirierend waren f\u00fcr sie Studienreisen u.\u00a0a. nach Indonesien, Norwegen und in die USA sowie Meisterkurse u.\u00a0a. mit Yuval Weinberg.\u00a0<\/p>\n\n\n\n<p>Besonders pr\u00e4gte sie auch die Besch\u00e4ftigung mit Musiktherapie und mit der Wirksamkeit von Chorsingen auf K\u00f6rper, Seele und Geist. Den Raum f\u00fcr wahrhafte Begegnungen von Menschen in der Musik zu erschaffen, ist ihr zentrales Anliegen in ihrer Arbeit.<\/p>\n\n\n\n<p><\/p>\n","protected":false},"excerpt":{"rendered":"<p>Teresa Pfefferkorn Teresa Pfefferkorn ist Chordirigentin und lehrt als Dozentin f\u00fcr Ensembleleitung an der UdK Berlin und der HMT Leipzig. Sie leitet den Kammerchor hortus vocalis und den Kronenchor Friedrichstadt e.\u00a0V. und arbeitet als Dozentin und Dirigentin in verschiedenen Projekten u.\u00a0a. in Bayern und Brandenburg.\u00a0 Teresa Pfefferkorn leitete den Gro\u00dfen Chor der UdK Berlin und &hellip; <\/p>\n<p><a class=\"more-link btn\" href=\"https:\/\/www.hortus-vocalis.de\/?page_id=231\">Continue reading<\/a><\/p>\n","protected":false},"author":1,"featured_media":0,"parent":0,"menu_order":0,"comment_status":"open","ping_status":"open","template":"","meta":{"footnotes":""},"class_list":["post-231","page","type-page","status-publish","hentry","nodate","item-wrap"],"_links":{"self":[{"href":"https:\/\/www.hortus-vocalis.de\/index.php?rest_route=\/wp\/v2\/pages\/231","targetHints":{"allow":["GET"]}}],"collection":[{"href":"https:\/\/www.hortus-vocalis.de\/index.php?rest_route=\/wp\/v2\/pages"}],"about":[{"href":"https:\/\/www.hortus-vocalis.de\/index.php?rest_route=\/wp\/v2\/types\/page"}],"author":[{"embeddable":true,"href":"https:\/\/www.hortus-vocalis.de\/index.php?rest_route=\/wp\/v2\/users\/1"}],"replies":[{"embeddable":true,"href":"https:\/\/www.hortus-vocalis.de\/index.php?rest_route=%2Fwp%2Fv2%2Fcomments&post=231"}],"version-history":[{"count":12,"href":"https:\/\/www.hortus-vocalis.de\/index.php?rest_route=\/wp\/v2\/pages\/231\/revisions"}],"predecessor-version":[{"id":473,"href":"https:\/\/www.hortus-vocalis.de\/index.php?rest_route=\/wp\/v2\/pages\/231\/revisions\/473"}],"wp:attachment":[{"href":"https:\/\/www.hortus-vocalis.de\/index.php?rest_route=%2Fwp%2Fv2%2Fmedia&parent=231"}],"curies":[{"name":"wp","href":"https:\/\/api.w.org\/{rel}","templated":true}]}}