{"id":219,"date":"2015-03-27T21:34:04","date_gmt":"2015-03-27T19:34:04","guid":{"rendered":"http:\/\/www.hortus-vocalis.de\/?page_id=219"},"modified":"2019-11-10T21:26:46","modified_gmt":"2019-11-10T19:26:46","slug":"agenda","status":"publish","type":"page","link":"https:\/\/www.hortus-vocalis.de\/?page_id=219","title":{"rendered":"Repertoire"},"content":{"rendered":"<p><strong>Konzertprogramme hortus vocalis<\/strong><\/p>\n<hr \/>\n<h3><strong>2019<\/strong><\/h3>\n<h5>The Private Music (Leitung: Andrea Brown)<\/h5>\n<p>Thomas Tallis <em>If ye love me |\u00a0<\/em>William Byrd <em>Four-Part Mass |\u00a0<\/em>Philip de Monte <em>Super Flumina Babylonis |\u00a0<\/em>Richard Dering <em>Factum est Silentium<\/em> |\u00a0Thomas Tallis <em>Ineiunio et fletu<\/em> |\u00a0Peter Philips <em>Ascendit Deus<\/em> |\u00a0Thomas Tallis <em>Lamentations of Jeremiah I<\/em> | William Byrd <em>Ave verum<\/em><\/p>\n<h3><strong>2018<\/strong><\/h3>\n<h5>Das Spiel &#8211; Komische und r\u00e4tselhafte Chormusik der Gegenwart (Leitung: Yuval Weinberg)<\/h5>\n<p>Einojuhani Rautavaara <em>Ludus Verbalis<\/em> | Thomas Jennefelt <em>Villarosa Sarialdi<\/em> | R. Murray Schafer <em>Miniwanka<\/em> |\u00a0Per N\u00f8rg\u00e5rd <em>Halleluja, der Herr ist verr\u00fcckt<\/em> | Erik Bergman <em>Das grosse Lalula<\/em> und <em>Unter Zeiten<\/em> aus <em>Vier Galgenlieder<\/em> | Wolfram Buchenberg <em>Zaubersprueche<\/em> 3, 4 und 7 | Joseph Haydn <em>Die Harmonie in der Ehe<\/em> und <em>Die Beredsamkeit<\/em> | Beat Furrer <em>Enigma I, III und VI<\/em> |\u00a0\u00a0K\u00e5re Kolberg <em>Plym-Plym<\/em><\/p>\n<h3><strong>2017<\/strong><\/h3>\n<h5>Pri\u00e8re | Gebet &#8211; Adventsmusik (Leitung: Tobias Walenciak)<\/h5>\n<p>Claudio Monteverdi\u00a0<em>Missa a 4 (SV 190)<\/em> |\u00a0Jan Pieterszoon Sweelinck <em>Hodie Christus natus est<\/em> |\u00a0Ton de Leeuw\u00a0<em>Pri\u00e8re<\/em> | Daan Manneke\u00a0<em>Psalm 122<\/em> | Isao Matsushita\u00a0<em>O lux beata Trinitas<\/em> | Cyrillus Kreek\u00a0<em>Psalm 104<\/em> und\u00a0<em>Onnis on inimene<\/em> | Heitor Villa-Lobos\u00a0<em>Ave Maria<\/em> | Francis Poulenc\u00a0<em>Quem vidistis<\/em><\/p>\n<h3><strong>2016<\/strong><\/h3>\n<h5>Ewige Ruhe. Ewiges Licht &#8211; Eine Requiemcollage (Leitung: Yuval Weinberg)<\/h5>\n<p>Giacinto Scelsi <em>Tre Canti Sacri (II)<\/em> | Herbert Howells <em>Requiem (III)<\/em> | Ildebrando Pizzetti <em>Requiem (Sequence)<\/em> | Bent S\u00f8rensen <em>Sanctus<\/em> und\u00a0<em>Benedictus<\/em> | Nana Forte <em>Libera Me<\/em> |\u00a0Tom\u00e1s Luis de Victoria <em>Officium Defunctorum<\/em><\/p>\n<h5>A Sound of Botticelli\u00a0 \u2013 Madrigale der Renaissance und der Moderne (Leitung: Yuval Weinberg)<\/h5>\n<p>Claudio Monteverdi <em>Se tu mi lassi<\/em>, <em>Si ch&#8217;io vorrei morire<\/em>, <em>Ecco mormorar l&#8217;onde<\/em> | Paul Hindemith <em>An eine Tote<\/em> | Goffredo Petrassi <em>Nonsense (1 bis 5)<\/em> | Jaakko M\u00e4ntyj\u00e4rvi <em>Smoking can kill<\/em> | Jukka Linkola <em>Mere, meri marea<\/em> | Morten Lauridsen <em>Ove&#8217;e Lass&#8217; Il Bel Viso<\/em> | Bruno Bettinelli <em>Il bianco e dolce cigno<\/em> | Jacques Arcadelt <em>Il bianco e dolce cigno<\/em> | Philippe Verdelot <em>Ultimi miei sospiri<\/em>, <em>Italia mia<\/em>, <em>O dolce notte<\/em><\/p>\n<h3><strong>2015<\/strong><\/h3>\n<h5>Abgrund und Aufbruch (Leitung: Yuval Weinberg)<\/h5>\n<p>Cl\u00e9ment Janequin <em>La guerre<\/em>,\u00a0<em>Il \u00e9tait une fillette<\/em>, <em>Le chant des oiseaux<\/em> | Paul Hindemith <em>Zw\u00f6lf Madrigale<\/em>, <em>Der Liebe Schrein<\/em>, <em>Wahre Liebe<\/em>,\u00a0<em>Art l\u00e4sst nicht von Art<\/em> l Paschal de l&#8217;Estocart\u00a0<em>L&#8217;eau va vite en s&#8217;\u00e9coulant<\/em>, <em>Arr\u00eate, arr\u00eate, \u00f4 mondain<\/em>,\u00a0<em>La glace est luisante et belle<\/em>, <em>Mondain si tu le sais<\/em><\/p>\n<h3><strong>2014<\/strong><\/h3>\n<h5>So fahr ich hin (Leitung: Yuval Weinberg)<\/h5>\n<p>Werke von Heinrich Sch\u00fctz und Hugo Distler<\/p>\n<h3><strong>2013<\/strong><\/h3>\n<h5>Johann Herrmann Schein, Israelis Br\u00fcnnlein (Leitung: Ulrich Weller)<\/h5>\n<h3><strong>2012<\/strong><\/h3>\n<p>Hans Leo Hassler <em>Missa Dixit Maria<\/em> |\u00a0Avo P\u00e4rt <em>Magnificat<\/em><\/p>\n<h3><strong>2011<\/strong><\/h3>\n<p>Johann Herman Schein <em>Israelis Br\u00fcnnlein<\/em> |\u00a0Markus Wettstein <em>Zwei Instrumentalminiaturen<\/em><\/p>\n<h3><strong>2010<\/strong><\/h3>\n<p>Guillaume de Machaut <em>Messe de Nostre Dame<\/em> | James Etherington <em>Messe de Notre Vie (UA)<\/em><\/p>\n<h3><strong>2009<\/strong><\/h3>\n<p>(Mit Alta Musica und Orgelimproviationen)<\/p>\n<p>Heinrich Isaac <em>Missa la Spagna<\/em>, <em>Virgo prudentissima<\/em>,\u00a0<em>Constanzo Festa<\/em> | Ludwig Senfl <em>Quis dabit oculus<\/em> |\u00a0Markus Wetttstein <em>Spagna-Konstruktionen<\/em><\/p>\n<h3><strong>2008<\/strong><\/h3>\n<p>Alessandro Scarlatti <em>Vespro della Beata Vergine<\/em><\/p>\n<h3><strong>2007<\/strong><\/h3>\n<p>Heinrich Isaac <em>Regina caeli laetare<\/em>, <em>Virgo prudentissima<\/em><\/p>\n<h3><strong>2006<\/strong><\/h3>\n<p>Giaches de Wert <em>Motetten<\/em> |\u00a0Guillaume de Machaut <em>Messe de Nostre Dame<\/em> (Ausz\u00fcge) |\u00a0Guillaume Dufay <em>Motetten: Rite majorem Jacobus canamus, Salve flos tusper gentes, Nuper rosarum flores<\/em> | Cornelius Cardew <em>Treatise<\/em> (Ausz\u00fcge)<\/p>\n<h3><strong>2005<\/strong><\/h3>\n<p>(Mit T\u00fcrkischer Instrumentalmusik\/Renaissance-Gitarrenmusik)<\/p>\n<p>Josquin Desprez <em>Missa Pange Lingua<\/em><\/p>\n<h3><strong>2004<\/strong><\/h3>\n<p>Thomas Tallis <em>The Lamentations of Jeremiah<\/em> |\u00a0Benjamin Britten <em>Sacred and Profane<\/em> |\u00a0Madrigale (um 1600) von Bateson, Fanaby, Kirbye, Tomkins, Weelkes, Wilby<\/p>\n","protected":false},"excerpt":{"rendered":"<p>Konzertprogramme hortus vocalis 2019 The Private Music (Leitung: Andrea Brown) Thomas Tallis If ye love me |\u00a0William Byrd Four-Part Mass |\u00a0Philip de Monte Super Flumina Babylonis |\u00a0Richard Dering Factum est Silentium |\u00a0Thomas Tallis Ineiunio et fletu |\u00a0Peter Philips Ascendit Deus |\u00a0Thomas Tallis Lamentations of Jeremiah I | William Byrd Ave verum 2018 Das Spiel &#8211; &hellip; <\/p>\n<p><a class=\"more-link btn\" href=\"https:\/\/www.hortus-vocalis.de\/?page_id=219\">Continue reading<\/a><\/p>\n","protected":false},"author":1,"featured_media":0,"parent":0,"menu_order":0,"comment_status":"open","ping_status":"open","template":"","meta":{"footnotes":""},"class_list":["post-219","page","type-page","status-publish","hentry","nodate","item-wrap"],"_links":{"self":[{"href":"https:\/\/www.hortus-vocalis.de\/index.php?rest_route=\/wp\/v2\/pages\/219","targetHints":{"allow":["GET"]}}],"collection":[{"href":"https:\/\/www.hortus-vocalis.de\/index.php?rest_route=\/wp\/v2\/pages"}],"about":[{"href":"https:\/\/www.hortus-vocalis.de\/index.php?rest_route=\/wp\/v2\/types\/page"}],"author":[{"embeddable":true,"href":"https:\/\/www.hortus-vocalis.de\/index.php?rest_route=\/wp\/v2\/users\/1"}],"replies":[{"embeddable":true,"href":"https:\/\/www.hortus-vocalis.de\/index.php?rest_route=%2Fwp%2Fv2%2Fcomments&post=219"}],"version-history":[{"count":15,"href":"https:\/\/www.hortus-vocalis.de\/index.php?rest_route=\/wp\/v2\/pages\/219\/revisions"}],"predecessor-version":[{"id":381,"href":"https:\/\/www.hortus-vocalis.de\/index.php?rest_route=\/wp\/v2\/pages\/219\/revisions\/381"}],"wp:attachment":[{"href":"https:\/\/www.hortus-vocalis.de\/index.php?rest_route=%2Fwp%2Fv2%2Fmedia&parent=219"}],"curies":[{"name":"wp","href":"https:\/\/api.w.org\/{rel}","templated":true}]}}